{"id":664,"date":"2019-10-18T07:30:52","date_gmt":"2019-10-18T07:30:52","guid":{"rendered":"https:\/\/www.adcnv.com\/?page_id=664"},"modified":"2024-01-19T15:07:26","modified_gmt":"2024-01-19T15:07:26","slug":"onze-specialisten","status":"publish","type":"page","link":"https:\/\/www.adcnv.com\/en\/onze-specialisten\/","title":{"rendered":"Onze specialisten"},"content":{"rendered":"<p>[vc_row full_width=&#8221;stretch_row&#8221; css=&#8221;.vc_custom_1579790843775{background-image: url(https:\/\/www.adcnv.com\/wp-content\/uploads\/2020\/01\/shutterstock_674497363-scaled.jpg?id=3379) !important;background-position: center !important;background-repeat: no-repeat !important;background-size: cover !important;}&#8221; el_class=&#8221;header-banner&#8221;][vc_column][vc_empty_space height=&#8221;70px&#8221; el_class=&#8221;extra_space&#8221; css=&#8221;.vc_custom_1571292607565{margin-bottom: 0px !important;}&#8221;][vc_row_inner el_class=&#8221;header-banner-inner&#8221;][vc_column_inner width=&#8221;1\/6&#8243;][\/vc_column_inner][vc_column_inner width=&#8221;2\/3&#8243;][vc_custom_heading text=&#8221;Onze Specialisten&#8221; font_container=&#8221;tag:h1|font_size:50px|text_align:center|color:%23ffffff|line_height:55px&#8221; use_theme_fonts=&#8221;yes&#8221; css=&#8221;.vc_custom_1571383837192{padding-bottom: 15px !important;}&#8221;][vc_custom_heading text=&#8221;Waar kennis en expertise de boventoon voeren. Ontmoet de specialisten van het ADC&#8221; font_container=&#8221;tag:p|font_size:16px|text_align:center|color:%23ffffff|line_height:30px&#8221; use_theme_fonts=&#8221;yes&#8221; el_class=&#8221;banner_para&#8221;][\/vc_column_inner][vc_column_inner width=&#8221;1\/6&#8243;][\/vc_column_inner][\/vc_row_inner][vc_empty_space height=&#8221;50px&#8221; el_class=&#8221;extra_space&#8221; css=&#8221;.vc_custom_1571292599709{margin-bottom: 0px !important;}&#8221;][\/vc_column][\/vc_row][vc_row el_class=&#8221;Expertisegebieden_white three_images&#8221; css=&#8221;.vc_custom_1571983567048{padding-top: 40px !important;}&#8221;][vc_column width=&#8221;1\/2&#8243;][vc_custom_heading text=&#8221;De specialisten van het ADC&#8221; font_container=&#8221;tag:h3|text_align:left&#8221; use_theme_fonts=&#8221;yes&#8221;][vc_separator color=&#8221;green&#8221; align=&#8221;align_left&#8221; border_width=&#8221;2&#8243; el_width=&#8221;10&#8243;][vc_column_text]Om het toonaangevende laboratorium van het eiland te blijven, investeert het ADC voortdurend in kennis en expertise. Onze medewerkers worden gestimuleerd om hun kennis te vergroten door middel van cursussen en vervolgopleidingen. Elke afdeling van het ADC wordt bemenst door hoogopgeleide en vakkundige laboratoriumprofessionals en -technici.[\/vc_column_text][\/vc_column][vc_column width=&#8221;1\/2&#8243;][vc_row_inner][vc_column_inner width=&#8221;1\/2&#8243; el_id=&#8221;expert_img_1&#8243; offset=&#8221;vc_col-xs-6&#8243;][vc_single_image image=&#8221;3368&#8243; img_size=&#8221;276 x 382&#8243; el_class=&#8221;img-shadow&#8221; css=&#8221;.vc_custom_1579789239165{margin-bottom: 0px !important;}&#8221;][\/vc_column_inner][vc_column_inner width=&#8221;1\/2&#8243; el_id=&#8221;expert_img_2&#8243; offset=&#8221;vc_col-xs-6&#8243;][vc_single_image image=&#8221;804&#8243; img_size=&#8221;276&#215;174&#8243; el_class=&#8221;img-shadow&#8221; css=&#8221;.vc_custom_1579843626435{margin-bottom: 0px !important;}&#8221;][vc_single_image image=&#8221;3370&#8243; img_size=&#8221;276&#215;173&#8243; el_class=&#8221;img-shadow&#8221; css=&#8221;.vc_custom_1579843634751{margin-bottom: 0px !important;}&#8221;][\/vc_column_inner][\/vc_row_inner][\/vc_column][\/vc_row][vc_section full_width=&#8221;stretch_row&#8221; css=&#8221;.vc_custom_1571294539529{background-color: #f7f7f7 !important;}&#8221;][vc_row el_class=&#8221;Expertisegebieden_dark specialist&#8221;][vc_column width=&#8221;1\/6&#8243;][\/vc_column][vc_column width=&#8221;2\/3&#8243;][vc_custom_heading text=&#8221;Onze specialisten&#8221; font_container=&#8221;tag:h3|text_align:center&#8221; use_theme_fonts=&#8221;yes&#8221;][vc_separator color=&#8221;green&#8221; border_width=&#8221;2&#8243; el_width=&#8221;10&#8243;][vc_column_text el_class=&#8221;text_left_align&#8221;]<\/p>\n<p style=\"text-align: center;\">Maak hieronder kennis met de specialisten van het ADC.<\/p>\n<p>[\/vc_column_text][\/vc_column][vc_column width=&#8221;1\/6&#8243;][\/vc_column][\/vc_row][vc_row css=&#8221;.vc_custom_1571294583256{padding-top: 30px !important;}&#8221;][vc_column width=&#8221;1\/2&#8243;]<div class=\"team team_vertical\"><div class=\"image_frame photo no_link scale-with-grid\"><div class=\"image_wrapper\"><img loading=\"lazy\" decoding=\"async\" class=\"scale-with-grid\" src=\"https:\/\/www.adcnv.com\/wp-content\/uploads\/2020\/03\/V89A6642-Edit.jpg\" alt=\"V89A6642-Edit\" width=\"1825\" height=\"1825\"\/><\/div><\/div><div class=\"desc_wrapper\"><h4>Drs. Lars Althaus<\/h4><p class=\"subtitle\">Forensisch Patholoog<\/p><hr class=\"hr_color\" \/><div class=\"desc\"><\/div><\/div><\/div>\n[\/vc_column][vc_column width=&#8221;1\/2&#8243;]<div class=\"team team_vertical\"><div class=\"image_frame photo no_link scale-with-grid\"><div class=\"image_wrapper\"><img loading=\"lazy\" decoding=\"async\" class=\"scale-with-grid\" src=\"https:\/\/www.adcnv.com\/wp-content\/uploads\/2020\/03\/V89A6654.jpg\" alt=\"V89A6654\" width=\"1825\" height=\"1825\"\/><\/div><\/div><div class=\"desc_wrapper\"><h4>Drs. Nina Kooij<\/h4><p class=\"subtitle\">Klinisch Patholoog<\/p><hr class=\"hr_color\" \/><div class=\"desc\"><\/div><\/div><\/div>\n[\/vc_column][\/vc_row][vc_row css=&#8221;.vc_custom_1571294583256{padding-top: 30px !important;}&#8221;][vc_column width=&#8221;1\/4&#8243;][\/vc_column][\/vc_row][\/vc_section][vc_section disable_element=&#8221;yes&#8221; css=&#8221;.vc_custom_1580097562079{padding-top: 50px !important;}&#8221;][vc_row][vc_column width=&#8221;1\/6&#8243;][\/vc_column][vc_column width=&#8221;2\/3&#8243;][vc_custom_heading text=&#8221;Nieuws&#8221; font_container=&#8221;tag:h3|text_align:center&#8221; use_theme_fonts=&#8221;yes&#8221;][vc_separator color=&#8221;green&#8221; border_width=&#8221;2&#8243; el_width=&#8221;10&#8243;][vc_column_text el_class=&#8221;text_left_align&#8221;]<\/p>\n<p style=\"text-align: center;\">Lorem ipsum dolor sit amet, consectetur adipiscing elit. Mauris condimentum enim urna. In hac habitasse platea dictumst. Vestibulum euismod neque a sem consectetur vehicula. Phasellus ac feugiat libero. Aliquam rhoncus rhoncus lobortis. Ut gravida risus sit amet metus ullamcorper pharetra.<\/p>\n<p>[\/vc_column_text][\/vc_column][vc_column width=&#8221;1\/6&#8243;][\/vc_column][\/vc_row][vc_row css=&#8221;.vc_custom_1571317739289{padding-bottom: 60px !important;}&#8221;][vc_column][vc_column_text]<div class=\"blog-teaser \"><ul class=\"teaser-wrapper\"><li class=\"post-12845 post type-post status-publish format-standard has-post-thumbnail hentry category-news\"><div class=\"photo-wrapper scale-with-grid\"><img loading=\"lazy\" decoding=\"async\" width=\"960\" height=\"720\" src=\"https:\/\/www.adcnv.com\/wp-content\/uploads\/2024\/07\/Groepsfoto-BIOSCH-2024-960x720.png\" class=\"scale-with-grid wp-post-image\" alt=\"\" srcset=\"https:\/\/www.adcnv.com\/wp-content\/uploads\/2024\/07\/Groepsfoto-BIOSCH-2024-960x720.png 960w, https:\/\/www.adcnv.com\/wp-content\/uploads\/2024\/07\/Groepsfoto-BIOSCH-2024-300x225.png 300w, https:\/\/www.adcnv.com\/wp-content\/uploads\/2024\/07\/Groepsfoto-BIOSCH-2024-1024x768.png 1024w, https:\/\/www.adcnv.com\/wp-content\/uploads\/2024\/07\/Groepsfoto-BIOSCH-2024-768x576.png 768w, https:\/\/www.adcnv.com\/wp-content\/uploads\/2024\/07\/Groepsfoto-BIOSCH-2024-1536x1152.png 1536w, https:\/\/www.adcnv.com\/wp-content\/uploads\/2024\/07\/Groepsfoto-BIOSCH-2024-2048x1536.png 2048w, https:\/\/www.adcnv.com\/wp-content\/uploads\/2024\/07\/Groepsfoto-BIOSCH-2024-195x146.png 195w, https:\/\/www.adcnv.com\/wp-content\/uploads\/2024\/07\/Groepsfoto-BIOSCH-2024-50x38.png 50w, https:\/\/www.adcnv.com\/wp-content\/uploads\/2024\/07\/Groepsfoto-BIOSCH-2024-100x75.png 100w\" sizes=\"auto, (max-width: 960px) 100vw, 960px\" \/><\/div><div class=\"desc-wrapper\"><div class=\"desc\"><div class=\"post-meta clearfix\"><span class=\"author\"><span class=\"label\">Published by <\/span><i class=\"icon-user\"><\/i> <a href=\"https:\/\/www.adcnv.com\/en\/author\/tkoeimanadcnv-com\/\">Thalia Koeiman<\/a><\/span> <span class=\"date\"><span class=\"label\">on <\/span><i class=\"icon-clock\"><\/i> <span class=\"post-date\">July 4, 2024<\/span><\/span><\/div><div class=\"post-title\"><h3><a href=\"https:\/\/www.adcnv.com\/en\/adc-biosch-award-2024-nos-laboratorio-nashonal-ta-premia-hobennan-ku-ta-destaka-den-biologia-i-kimika\/\">ADC BIOSCH AWARD 2024: Nos laboratorio nashonal ta premia h\u00f3bennan ku ta destak\u00e1 den biologia i k\u00edmika<\/a><\/h3><\/div><\/div><\/div><\/li><li class=\"post-12827 post type-post status-publish format-standard has-post-thumbnail hentry category-news\"><div class=\"photo-wrapper scale-with-grid\"><img loading=\"lazy\" decoding=\"async\" width=\"960\" height=\"720\" src=\"https:\/\/www.adcnv.com\/wp-content\/uploads\/2024\/06\/Intranet-notisia-1-960x720.png\" class=\"scale-with-grid wp-post-image\" alt=\"\" \/><\/div><div class=\"desc-wrapper\"><div class=\"desc\"><div class=\"post-meta clearfix\"><span class=\"author\"><span class=\"label\">Published by <\/span><i class=\"icon-user\"><\/i> <a href=\"https:\/\/www.adcnv.com\/en\/author\/tkoeimanadcnv-com\/\">Thalia Koeiman<\/a><\/span> <span class=\"date\"><span class=\"label\">on <\/span><i class=\"icon-clock\"><\/i> <span class=\"post-date\">June 14, 2024<\/span><\/span><\/div><div class=\"post-title\"><h4><a href=\"https:\/\/www.adcnv.com\/en\/adc-biosch-award-pa-kandidatonan-di-eksamen-ku-a-destaka-den-biologia-i-kimika\/\">ADC BIOSCH Award pa kandidatonan di eks\u00e1men ku a destak\u00e1 den Biologia i K\u00edmika<\/a><\/h4><\/div><\/div><\/div><\/li><li class=\"post-12628 post type-post status-publish format-standard has-post-thumbnail hentry category-news\"><div class=\"photo-wrapper scale-with-grid\"><img loading=\"lazy\" decoding=\"async\" width=\"960\" height=\"720\" src=\"https:\/\/www.adcnv.com\/wp-content\/uploads\/2024\/05\/DSCF2854-960x720.jpg\" class=\"scale-with-grid wp-post-image\" alt=\"\" \/><\/div><div class=\"desc-wrapper\"><div class=\"desc\"><div class=\"post-meta clearfix\"><span class=\"author\"><span class=\"label\">Published by <\/span><i class=\"icon-user\"><\/i> <a href=\"https:\/\/www.adcnv.com\/en\/author\/hheykoopadcnv-com\/\">hheykoop@adcnv.com<\/a><\/span> <span class=\"date\"><span class=\"label\">on <\/span><i class=\"icon-clock\"><\/i> <span class=\"post-date\">May 30, 2024<\/span><\/span><\/div><div class=\"post-title\"><h4><a href=\"https:\/\/www.adcnv.com\/en\/komunikado-adc-ta-selebra-yegada-di-e-punto-mas-haltu-di-su-edifisio-nobo-na-otrobanda\/\">Komunikado: ADC ta selebr\u00e1 yegada di e punto mas haltu di su edifisio nobo na Otrobanda<\/a><\/h4><\/div><\/div><\/div><\/li><\/ul><\/div>\n[\/vc_column_text][\/vc_column][\/vc_row][\/vc_section][vc_row full_width=&#8221;stretch_row_content_no_spaces&#8221; disable_element=&#8221;yes&#8221; el_class=&#8221;only_Expertisegebieden_dark over_Werken&#8221; css=&#8221;.vc_custom_1580097572727{margin-bottom: 0px !important;background-color: #f7f7f7 !important;}&#8221;][vc_column width=&#8221;2\/5&#8243; css=&#8221;.vc_custom_1571296451907{margin-bottom: 0px !important;padding-top: 0px !important;}&#8221;][vc_single_image image=&#8221;265&#8243; img_size=&#8221;large&#8221; css=&#8221;.vc_custom_1571296526463{margin-bottom: 0px !important;}&#8221; el_class=&#8221;mrg-btm0&#8243;][\/vc_column][vc_column width=&#8221;3\/5&#8243; el_class=&#8221;cst_gap&#8221;][vc_custom_heading text=&#8221;Werken bij ADC&#8221; font_container=&#8221;tag:h3|text_align:left&#8221; use_theme_fonts=&#8221;yes&#8221;][vc_separator color=&#8221;green&#8221; align=&#8221;align_left&#8221; border_width=&#8221;2&#8243; el_width=&#8221;10&#8243;][vc_column_text]Lorem ipsum dolor sit amet, consectetur adipiscing elit. Cras sit amet massa suscipit, varius lectus eu, cursus diam. Pellentesque at purus accumsan, laoreet lorem eget, bibendum enim. Aenean at tempus leo. Aliquam scelerisque hendrerit nisi, id finibus nunc accumsan sit amet. Aenean ultrices suscipit ultricies.<\/p>\n<p>Nulla risus ligula, gravida ut luctus nec, ultricies non nisl. Nunc et sapien tortor. Aenean at tempus leo. Aliquam scelerisque hendrerit nisi, id finibus nunc accumsan sit amet. Aenean ultrices suscipit ultricies. Nulla risus ligula, gravida ut luctus nec, ultricies non nisl. Nunc et sapien tortor.[\/vc_column_text][vc_btn title=&#8221;Lees meer&#8221; style=&#8221;classic&#8221; shape=&#8221;round&#8221; color=&#8221;white&#8221; el_class=&#8221;white-bg-btn&#8221;][\/vc_column][\/vc_row]<\/p>\n","protected":false},"excerpt":{"rendered":"<p>[vc_row full_width=&#8221;stretch_row&#8221; css=&#8221;.vc_custom_1579790843775{background-image: url(https:\/\/www.adcnv.com\/wp-content\/uploads\/2020\/01\/shutterstock_674497363-scaled.jpg?id=3379) !important;background-position: center !important;background-repeat: no-repeat !important;background-size: cover !important;}&#8221; el_class=&#8221;header-banner&#8221;][vc_column][vc_empty_space height=&#8221;70px&#8221; el_class=&#8221;extra_space&#8221; css=&#8221;.vc_custom_1571292607565{margin-bottom: 0px !important;}&#8221;][vc_row_inner el_class=&#8221;header-banner-inner&#8221;][vc_column_inner width=&#8221;1\/6&#8243;][\/vc_column_inner][vc_column_inner width=&#8221;2\/3&#8243;][vc_custom_heading text=&#8221;Onze Specialisten&#8221; font_container=&#8221;tag:h1|font_size:50px|text_align:center|color:%23ffffff|line_height:55px&#8221; use_theme_fonts=&#8221;yes&#8221; css=&#8221;.vc_custom_1571383837192{padding-bottom: 15px<span class=\"excerpt-hellip\"> [\u2026]<\/span><\/p>\n","protected":false},"author":1,"featured_media":0,"parent":0,"menu_order":0,"comment_status":"closed","ping_status":"closed","template":"","meta":{"footnotes":""},"class_list":["post-664","page","type-page","status-publish","hentry"],"acf":[],"yoast_head":"<!-- This site is optimized with the Yoast SEO plugin v20.13 - https:\/\/yoast.com\/wordpress\/plugins\/seo\/ -->\n<title>Onze specialisten - ADC<\/title>\n<meta name=\"robots\" content=\"index, follow, max-snippet:-1, max-image-preview:large, max-video-preview:-1\" \/>\n<link rel=\"canonical\" href=\"https:\/\/www.adcnv.com\/en\/onze-specialisten\/\" \/>\n<meta property=\"og:locale\" content=\"en_US\" \/>\n<meta property=\"og:type\" content=\"article\" \/>\n<meta property=\"og:title\" content=\"Onze specialisten - ADC\" \/>\n<meta property=\"og:description\" content=\"[vc_row full_width=&#8221;stretch_row&#8221; css=&#8221;.vc_custom_1579790843775{background-image: url(https:\/\/www.adcnv.com\/wp-content\/uploads\/2020\/01\/shutterstock_674497363-scaled.jpg?id=3379) !important;background-position: center !important;background-repeat: no-repeat !important;background-size: cover !important;}&#8221; el_class=&#8221;header-banner&#8221;][vc_column][vc_empty_space height=&#8221;70px&#8221; el_class=&#8221;extra_space&#8221; css=&#8221;.vc_custom_1571292607565{margin-bottom: 0px !important;}&#8221;][vc_row_inner el_class=&#8221;header-banner-inner&#8221;][vc_column_inner width=&#8221;1\/6&#8243;][\/vc_column_inner][vc_column_inner width=&#8221;2\/3&#8243;][vc_custom_heading text=&#8221;Onze Specialisten&#8221; font_container=&#8221;tag:h1|font_size:50px|text_align:center|color:%23ffffff|line_height:55px&#8221; use_theme_fonts=&#8221;yes&#8221; css=&#8221;.vc_custom_1571383837192{padding-bottom: 15px [\u2026]\" \/>\n<meta property=\"og:url\" content=\"https:\/\/www.adcnv.com\/en\/onze-specialisten\/\" \/>\n<meta property=\"og:site_name\" content=\"ADC\" \/>\n<meta property=\"article:publisher\" content=\"https:\/\/www.facebook.com\/adcnv\/\" \/>\n<meta property=\"article:modified_time\" content=\"2024-01-19T15:07:26+00:00\" \/>\n<meta name=\"twitter:card\" content=\"summary_large_image\" \/>\n<meta name=\"twitter:label1\" content=\"Est. reading time\" \/>\n\t<meta name=\"twitter:data1\" content=\"2 minutes\" \/>\n<script type=\"application\/ld+json\" class=\"yoast-schema-graph\">{\"@context\":\"https:\/\/schema.org\",\"@graph\":[{\"@type\":\"WebPage\",\"@id\":\"https:\/\/www.adcnv.com\/en\/onze-specialisten\/\",\"url\":\"https:\/\/www.adcnv.com\/en\/onze-specialisten\/\",\"name\":\"Onze specialisten - ADC\",\"isPartOf\":{\"@id\":\"https:\/\/www.adcnv.com\/#website\"},\"datePublished\":\"2019-10-18T07:30:52+00:00\",\"dateModified\":\"2024-01-19T15:07:26+00:00\",\"breadcrumb\":{\"@id\":\"https:\/\/www.adcnv.com\/en\/onze-specialisten\/#breadcrumb\"},\"inLanguage\":\"en-US\",\"potentialAction\":[{\"@type\":\"ReadAction\",\"target\":[\"https:\/\/www.adcnv.com\/en\/onze-specialisten\/\"]}]},{\"@type\":\"BreadcrumbList\",\"@id\":\"https:\/\/www.adcnv.com\/en\/onze-specialisten\/#breadcrumb\",\"itemListElement\":[{\"@type\":\"ListItem\",\"position\":1,\"name\":\"Home\",\"item\":\"https:\/\/www.adcnv.com\/en\/\"},{\"@type\":\"ListItem\",\"position\":2,\"name\":\"Onze specialisten\"}]},{\"@type\":\"WebSite\",\"@id\":\"https:\/\/www.adcnv.com\/#website\",\"url\":\"https:\/\/www.adcnv.com\/\",\"name\":\"ADC\",\"description\":\"\",\"publisher\":{\"@id\":\"https:\/\/www.adcnv.com\/#organization\"},\"potentialAction\":[{\"@type\":\"SearchAction\",\"target\":{\"@type\":\"EntryPoint\",\"urlTemplate\":\"https:\/\/www.adcnv.com\/?s={search_term_string}\"},\"query-input\":\"required name=search_term_string\"}],\"inLanguage\":\"en-US\"},{\"@type\":\"Organization\",\"@id\":\"https:\/\/www.adcnv.com\/#organization\",\"name\":\"ADC\",\"url\":\"https:\/\/www.adcnv.com\/\",\"logo\":{\"@type\":\"ImageObject\",\"inLanguage\":\"en-US\",\"@id\":\"https:\/\/www.adcnv.com\/#\/schema\/logo\/image\/\",\"url\":\"https:\/\/www.adcnv.com\/wp-content\/uploads\/2019\/11\/ADC-Logo.png\",\"contentUrl\":\"https:\/\/www.adcnv.com\/wp-content\/uploads\/2019\/11\/ADC-Logo.png\",\"width\":495,\"height\":185,\"caption\":\"ADC\"},\"image\":{\"@id\":\"https:\/\/www.adcnv.com\/#\/schema\/logo\/image\/\"},\"sameAs\":[\"https:\/\/www.facebook.com\/adcnv\/\"]}]}<\/script>\n<!-- \/ Yoast SEO plugin. -->","yoast_head_json":{"title":"Onze specialisten - ADC","robots":{"index":"index","follow":"follow","max-snippet":"max-snippet:-1","max-image-preview":"max-image-preview:large","max-video-preview":"max-video-preview:-1"},"canonical":"https:\/\/www.adcnv.com\/en\/onze-specialisten\/","og_locale":"en_US","og_type":"article","og_title":"Onze specialisten - ADC","og_description":"[vc_row full_width=&#8221;stretch_row&#8221; css=&#8221;.vc_custom_1579790843775{background-image: url(https:\/\/www.adcnv.com\/wp-content\/uploads\/2020\/01\/shutterstock_674497363-scaled.jpg?id=3379) !important;background-position: center !important;background-repeat: no-repeat !important;background-size: cover !important;}&#8221; el_class=&#8221;header-banner&#8221;][vc_column][vc_empty_space height=&#8221;70px&#8221; el_class=&#8221;extra_space&#8221; css=&#8221;.vc_custom_1571292607565{margin-bottom: 0px !important;}&#8221;][vc_row_inner el_class=&#8221;header-banner-inner&#8221;][vc_column_inner width=&#8221;1\/6&#8243;][\/vc_column_inner][vc_column_inner width=&#8221;2\/3&#8243;][vc_custom_heading text=&#8221;Onze Specialisten&#8221; font_container=&#8221;tag:h1|font_size:50px|text_align:center|color:%23ffffff|line_height:55px&#8221; use_theme_fonts=&#8221;yes&#8221; css=&#8221;.vc_custom_1571383837192{padding-bottom: 15px [\u2026]","og_url":"https:\/\/www.adcnv.com\/en\/onze-specialisten\/","og_site_name":"ADC","article_publisher":"https:\/\/www.facebook.com\/adcnv\/","article_modified_time":"2024-01-19T15:07:26+00:00","twitter_card":"summary_large_image","twitter_misc":{"Est. reading time":"2 minutes"},"schema":{"@context":"https:\/\/schema.org","@graph":[{"@type":"WebPage","@id":"https:\/\/www.adcnv.com\/en\/onze-specialisten\/","url":"https:\/\/www.adcnv.com\/en\/onze-specialisten\/","name":"Onze specialisten - ADC","isPartOf":{"@id":"https:\/\/www.adcnv.com\/#website"},"datePublished":"2019-10-18T07:30:52+00:00","dateModified":"2024-01-19T15:07:26+00:00","breadcrumb":{"@id":"https:\/\/www.adcnv.com\/en\/onze-specialisten\/#breadcrumb"},"inLanguage":"en-US","potentialAction":[{"@type":"ReadAction","target":["https:\/\/www.adcnv.com\/en\/onze-specialisten\/"]}]},{"@type":"BreadcrumbList","@id":"https:\/\/www.adcnv.com\/en\/onze-specialisten\/#breadcrumb","itemListElement":[{"@type":"ListItem","position":1,"name":"Home","item":"https:\/\/www.adcnv.com\/en\/"},{"@type":"ListItem","position":2,"name":"Onze specialisten"}]},{"@type":"WebSite","@id":"https:\/\/www.adcnv.com\/#website","url":"https:\/\/www.adcnv.com\/","name":"ADC","description":"","publisher":{"@id":"https:\/\/www.adcnv.com\/#organization"},"potentialAction":[{"@type":"SearchAction","target":{"@type":"EntryPoint","urlTemplate":"https:\/\/www.adcnv.com\/?s={search_term_string}"},"query-input":"required name=search_term_string"}],"inLanguage":"en-US"},{"@type":"Organization","@id":"https:\/\/www.adcnv.com\/#organization","name":"ADC","url":"https:\/\/www.adcnv.com\/","logo":{"@type":"ImageObject","inLanguage":"en-US","@id":"https:\/\/www.adcnv.com\/#\/schema\/logo\/image\/","url":"https:\/\/www.adcnv.com\/wp-content\/uploads\/2019\/11\/ADC-Logo.png","contentUrl":"https:\/\/www.adcnv.com\/wp-content\/uploads\/2019\/11\/ADC-Logo.png","width":495,"height":185,"caption":"ADC"},"image":{"@id":"https:\/\/www.adcnv.com\/#\/schema\/logo\/image\/"},"sameAs":["https:\/\/www.facebook.com\/adcnv\/"]}]}},"jetpack_sharing_enabled":true,"_links":{"self":[{"href":"https:\/\/www.adcnv.com\/en\/wp-json\/wp\/v2\/pages\/664","targetHints":{"allow":["GET"]}}],"collection":[{"href":"https:\/\/www.adcnv.com\/en\/wp-json\/wp\/v2\/pages"}],"about":[{"href":"https:\/\/www.adcnv.com\/en\/wp-json\/wp\/v2\/types\/page"}],"author":[{"embeddable":true,"href":"https:\/\/www.adcnv.com\/en\/wp-json\/wp\/v2\/users\/1"}],"replies":[{"embeddable":true,"href":"https:\/\/www.adcnv.com\/en\/wp-json\/wp\/v2\/comments?post=664"}],"version-history":[{"count":35,"href":"https:\/\/www.adcnv.com\/en\/wp-json\/wp\/v2\/pages\/664\/revisions"}],"predecessor-version":[{"id":8062,"href":"https:\/\/www.adcnv.com\/en\/wp-json\/wp\/v2\/pages\/664\/revisions\/8062"}],"wp:attachment":[{"href":"https:\/\/www.adcnv.com\/en\/wp-json\/wp\/v2\/media?parent=664"}],"curies":[{"name":"wp","href":"https:\/\/api.w.org\/{rel}","templated":true}]}}