{"id":662,"date":"2019-10-18T07:29:34","date_gmt":"2019-10-18T07:29:34","guid":{"rendered":"https:\/\/www.adcnv.com\/?page_id=662"},"modified":"2023-11-08T14:57:28","modified_gmt":"2023-11-08T14:57:28","slug":"accreditaties","status":"publish","type":"page","link":"https:\/\/www.adcnv.com\/en\/accreditaties\/","title":{"rendered":"Accreditaties"},"content":{"rendered":"<p>[vc_row full_width=&#8221;stretch_row&#8221; css=&#8221;.vc_custom_1571292662009{background-image: url(https:\/\/www.adcnv.com\/wp-content\/uploads\/2019\/10\/over-ons-hero-sub-min.png?id=488) !important;background-position: center !important;background-repeat: no-repeat !important;background-size: cover !important;}&#8221; el_class=&#8221;header-banner&#8221;][vc_column][vc_empty_space height=&#8221;100px&#8221; el_class=&#8221;extra_space&#8221; css=&#8221;.vc_custom_1586925946121{margin-bottom: 0px !important;}&#8221;][vc_row_inner el_class=&#8221;header-banner-inner&#8221;][vc_column_inner width=&#8221;1\/6&#8243;][\/vc_column_inner][vc_column_inner width=&#8221;2\/3&#8243;][vc_custom_heading text=&#8221;Accreditaties&#8221; font_container=&#8221;tag:h1|font_size:50px|text_align:center|color:%23ffffff|line_height:55px&#8221; use_theme_fonts=&#8221;yes&#8221; css=&#8221;.vc_custom_1581041651066{padding-bottom: 15px !important;}&#8221;][\/vc_column_inner][vc_column_inner width=&#8221;1\/6&#8243;][\/vc_column_inner][\/vc_row_inner][vc_empty_space height=&#8221;65px&#8221; el_class=&#8221;extra_space&#8221; css=&#8221;.vc_custom_1586925973090{margin-bottom: 0px !important;}&#8221;][\/vc_column][\/vc_row][vc_row el_class=&#8221;Expertisegebieden_white three_images&#8221; css=&#8221;.vc_custom_1571983418882{padding-top: 40px !important;}&#8221;][vc_column width=&#8221;1\/2&#8243;][vc_custom_heading text=&#8221;Accreditaties&#8221; font_container=&#8221;tag:h3|text_align:left&#8221; use_theme_fonts=&#8221;yes&#8221;][vc_separator color=&#8221;green&#8221; align=&#8221;align_left&#8221; border_width=&#8221;2&#8243; el_width=&#8221;10&#8243;][vc_column_text]<strong><em>Voor een overzicht van de geaccrediteerde activiteiten van het ADC raadpleeg het vademecum op <a href=\"http:\/\/www.adcnv.com\/vademecum\/\">www.adcnv.com\/vademecum<\/a><\/em><\/strong><\/p>\n<p>Het kwaliteitssysteem binnen het ADC richt zich op een gemeenschappelijk doel, namelijk het continu blijven streven naar hoge kwaliteit en dienstverlening. Om hieraan te blijven voldoen reviseert het ADC periodiek haar kwaliteitskritische stappen. Deze stappen worden door de hoofd kwaliteit en het team gewaarborgd en de operationaliteit wordt objectief aangetoond door interne en externe doorlichtingen.<\/p>\n<p>Deze wijze van kwaliteitsborging zorg ervoor dat extern de klanten het vertrouwen hebben dat de organisatie aan internationaal gestelde normen voldoet en dat intern het management en de medewerkers het vertrouwen hebben dat de kwaliteit van een product of dienst aan het vereiste voldoet.<\/p>\n<p>Behoefte aan zekerheid over de kwaliteit van geleverde producten en diensten blijft sterk toenemen zowel nationaal als internationaal.<\/p>\n<p>De waterlaboratoria van het ADC volgen de algemene eisen voor de competentie van test- en kalibratielaboratoria: EN-ISO\/IEC 17025.\u00a0De Medische laboratoria, volgt de norm voor: Medische laboratoria-Bijzondere eisen voor kwaliteit en competentie, de EN-ISO 15189.<\/p>\n<p>De waterlaboratoria zijn sinds 25 maart 2009, EN-ISO\/IEC 17025 geaccrediteerd door de Raad voor Accreditatie (RvA) onder de activiteit \u2018TESTEN\u2019 met registratienummer L493. De Medische laboratoria zijn sinds 30 juni 2016, NEN-EN-ISO 15189 geaccrediteerd door het RvA onder de activiteit \u2018TESTEN\u2019 met registratienummer M297.<\/p>\n<p>Voor een overzicht van de geaccrediteerde verrichtingen, wordt u doorverwezen naar de scope van accreditatie van het ADC NV op <a href=\"https:\/\/www.rva.nl\">https:\/\/www.rva.nl<\/a>.<\/p>\n<p>Het analytisch Diagnostisch Centrum N.V. (ADC) streeft ernaar om de behaalde accreditaties te behouden. Jaarlijks wordt gewerkt aan de uitbreiding van de te accrediteren analyses om de kwaliteit van de analyse resultaten binnen zowel de EN-ISO\/IEC 17025 als de EN-ISO-15189 te kunnen borgen.[\/vc_column_text][\/vc_column][vc_column width=&#8221;1\/2&#8243;][vc_row_inner][vc_column_inner width=&#8221;1\/2&#8243; el_id=&#8221;expert_img_1&#8243; offset=&#8221;vc_col-xs-6&#8243;][vc_single_image image=&#8221;291&#8243; img_size=&#8221;276 x 382&#8243; el_class=&#8221;img-shadow&#8221; css=&#8221;.vc_custom_1571294009470{margin-bottom: 0px !important;}&#8221;][\/vc_column_inner][vc_column_inner width=&#8221;1\/2&#8243; el_id=&#8221;expert_img_2&#8243; offset=&#8221;vc_col-xs-6&#8243;][vc_single_image image=&#8221;292&#8243; img_size=&#8221;medium&#8221; el_class=&#8221;img-shadow&#8221; css=&#8221;.vc_custom_1571293884851{margin-bottom: 0px !important;}&#8221;][vc_single_image image=&#8221;293&#8243; img_size=&#8221;medium&#8221; el_class=&#8221;img-shadow&#8221; css=&#8221;.vc_custom_1571293892384{margin-bottom: 0px !important;}&#8221;][\/vc_column_inner][\/vc_row_inner][\/vc_column][\/vc_row][vc_section full_width=&#8221;stretch_row&#8221; disable_element=&#8221;yes&#8221; css=&#8221;.vc_custom_1578902559812{background-color: #f7f7f7 !important;}&#8221;][vc_row el_class=&#8221;Expertisegebieden_dark specialist&#8221;][vc_column width=&#8221;1\/6&#8243;][\/vc_column][vc_column width=&#8221;2\/3&#8243;][vc_custom_heading text=&#8221;Onze specialisten&#8221; font_container=&#8221;tag:h3|text_align:center&#8221; use_theme_fonts=&#8221;yes&#8221;][vc_separator color=&#8221;green&#8221; border_width=&#8221;2&#8243; el_width=&#8221;10&#8243;][vc_column_text el_class=&#8221;text_left_align&#8221;]<\/p>\n<p style=\"text-align: center;\">Lorem ipsum dolor sit amet, consectetur adipiscing elit. Mauris condimentum enim urna. In hac habitasse platea dictumst. Vestibulum euismod neque a sem consectetur vehicula. Phasellus ac feugiat libero. Aliquam rhoncus rhoncus lobortis. Ut gravida risus sit amet metus ullamcorper pharetra.<\/p>\n<p>[\/vc_column_text][\/vc_column][vc_column width=&#8221;1\/6&#8243;][\/vc_column][\/vc_row][vc_row css=&#8221;.vc_custom_1571294583256{padding-top: 30px !important;}&#8221;][vc_column width=&#8221;1\/4&#8243;]<div class=\"team team_vertical\"><div class=\"image_frame photo no_link scale-with-grid\"><div class=\"image_wrapper\"><img loading=\"lazy\" decoding=\"async\" class=\"scale-with-grid\" src=\"https:\/\/www.adcnv.com\/wp-content\/uploads\/2019\/10\/team.png\" alt=\"team\" width=\"327\" height=\"317\"\/><\/div><\/div><div class=\"desc_wrapper\"><h4>Tamas Bunce<\/h4><p class=\"subtitle\">Microbiologist<\/p><hr class=\"hr_color\" \/><div class=\"desc\"><\/div><\/div><\/div>\n[\/vc_column][vc_column width=&#8221;1\/4&#8243;]<div class=\"team team_vertical\"><div class=\"image_frame photo no_link scale-with-grid\"><div class=\"image_wrapper\"><img loading=\"lazy\" decoding=\"async\" class=\"scale-with-grid\" src=\"https:\/\/www.adcnv.com\/wp-content\/uploads\/2019\/10\/team1.png\" alt=\"team1\" width=\"327\" height=\"315\"\/><\/div><\/div><div class=\"desc_wrapper\"><h4>Christopher Walker<\/h4><p class=\"subtitle\">Microbiologist<\/p><hr class=\"hr_color\" \/><div class=\"desc\"><\/div><\/div><\/div>\n[\/vc_column][vc_column width=&#8221;1\/4&#8243;]<div class=\"team team_vertical\"><div class=\"image_frame photo no_link scale-with-grid\"><div class=\"image_wrapper\"><img loading=\"lazy\" decoding=\"async\" class=\"scale-with-grid\" src=\"https:\/\/www.adcnv.com\/wp-content\/uploads\/2019\/10\/team4.png\" alt=\"team4\" width=\"327\" height=\"317\"\/><\/div><\/div><div class=\"desc_wrapper\"><h4>Saga Lind\u00e9n<\/h4><p class=\"subtitle\">Microbiologist<\/p><hr class=\"hr_color\" \/><div class=\"desc\"><\/div><\/div><\/div>\n[\/vc_column][vc_column width=&#8221;1\/4&#8243;]<div class=\"team team_vertical\"><div class=\"image_frame photo no_link scale-with-grid\"><div class=\"image_wrapper\"><img loading=\"lazy\" decoding=\"async\" class=\"scale-with-grid\" src=\"https:\/\/www.adcnv.com\/wp-content\/uploads\/2019\/10\/team2.png\" alt=\"team2\" width=\"327\" height=\"317\"\/><\/div><\/div><div class=\"desc_wrapper\"><h4>Gibby Radki<\/h4><p class=\"subtitle\">Microbiologist<\/p><hr class=\"hr_color\" \/><div class=\"desc\"><\/div><\/div><\/div>\n[\/vc_column][\/vc_row][vc_row css=&#8221;.vc_custom_1571295387005{padding-top: 20px !important;}&#8221;][vc_column][vc_btn title=&#8221;Ontmoet het team&#8221; style=&#8221;classic&#8221; shape=&#8221;round&#8221; color=&#8221;white&#8221; align=&#8221;center&#8221; el_class=&#8221;white-bg-btn&#8221;][\/vc_column][\/vc_row][\/vc_section][vc_section disable_element=&#8221;yes&#8221; css=&#8221;.vc_custom_1578902567403{padding-top: 50px !important;}&#8221;][vc_row][vc_column width=&#8221;1\/6&#8243;][\/vc_column][vc_column width=&#8221;2\/3&#8243;][vc_custom_heading text=&#8221;Nieuws&#8221; font_container=&#8221;tag:h3|text_align:center&#8221; use_theme_fonts=&#8221;yes&#8221;][vc_separator color=&#8221;green&#8221; border_width=&#8221;2&#8243; el_width=&#8221;10&#8243;][vc_column_text el_class=&#8221;text_left_align&#8221;]<\/p>\n<p style=\"text-align: center;\">Lorem ipsum dolor sit amet, consectetur adipiscing elit. Mauris condimentum enim urna. In hac habitasse platea dictumst. Vestibulum euismod neque a sem consectetur vehicula. Phasellus ac feugiat libero. Aliquam rhoncus rhoncus lobortis. Ut gravida risus sit amet metus ullamcorper pharetra.<\/p>\n<p>[\/vc_column_text][\/vc_column][vc_column width=&#8221;1\/6&#8243;][\/vc_column][\/vc_row][vc_row css=&#8221;.vc_custom_1571317739289{padding-bottom: 60px !important;}&#8221;][vc_column][vc_column_text]<div class=\"blog-teaser \"><ul class=\"teaser-wrapper\"><li class=\"post-12845 post type-post status-publish format-standard has-post-thumbnail hentry category-news\"><div class=\"photo-wrapper scale-with-grid\"><img loading=\"lazy\" decoding=\"async\" width=\"960\" height=\"720\" src=\"https:\/\/www.adcnv.com\/wp-content\/uploads\/2024\/07\/Groepsfoto-BIOSCH-2024-960x720.png\" class=\"scale-with-grid wp-post-image\" alt=\"\" srcset=\"https:\/\/www.adcnv.com\/wp-content\/uploads\/2024\/07\/Groepsfoto-BIOSCH-2024-960x720.png 960w, https:\/\/www.adcnv.com\/wp-content\/uploads\/2024\/07\/Groepsfoto-BIOSCH-2024-300x225.png 300w, https:\/\/www.adcnv.com\/wp-content\/uploads\/2024\/07\/Groepsfoto-BIOSCH-2024-1024x768.png 1024w, https:\/\/www.adcnv.com\/wp-content\/uploads\/2024\/07\/Groepsfoto-BIOSCH-2024-768x576.png 768w, https:\/\/www.adcnv.com\/wp-content\/uploads\/2024\/07\/Groepsfoto-BIOSCH-2024-1536x1152.png 1536w, https:\/\/www.adcnv.com\/wp-content\/uploads\/2024\/07\/Groepsfoto-BIOSCH-2024-2048x1536.png 2048w, https:\/\/www.adcnv.com\/wp-content\/uploads\/2024\/07\/Groepsfoto-BIOSCH-2024-195x146.png 195w, https:\/\/www.adcnv.com\/wp-content\/uploads\/2024\/07\/Groepsfoto-BIOSCH-2024-50x38.png 50w, https:\/\/www.adcnv.com\/wp-content\/uploads\/2024\/07\/Groepsfoto-BIOSCH-2024-100x75.png 100w\" sizes=\"auto, (max-width: 960px) 100vw, 960px\" \/><\/div><div class=\"desc-wrapper\"><div class=\"desc\"><div class=\"post-meta clearfix\"><span class=\"author\"><span class=\"label\">Published by <\/span><i class=\"icon-user\"><\/i> <a href=\"https:\/\/www.adcnv.com\/en\/author\/tkoeimanadcnv-com\/\">Thalia Koeiman<\/a><\/span> <span class=\"date\"><span class=\"label\">on <\/span><i class=\"icon-clock\"><\/i> <span class=\"post-date\">July 4, 2024<\/span><\/span><\/div><div class=\"post-title\"><h3><a href=\"https:\/\/www.adcnv.com\/en\/adc-biosch-award-2024-nos-laboratorio-nashonal-ta-premia-hobennan-ku-ta-destaka-den-biologia-i-kimika\/\">ADC BIOSCH AWARD 2024: Nos laboratorio nashonal ta premia h\u00f3bennan ku ta destak\u00e1 den biologia i k\u00edmika<\/a><\/h3><\/div><\/div><\/div><\/li><li class=\"post-12827 post type-post status-publish format-standard has-post-thumbnail hentry category-news\"><div class=\"photo-wrapper scale-with-grid\"><img loading=\"lazy\" decoding=\"async\" width=\"960\" height=\"720\" src=\"https:\/\/www.adcnv.com\/wp-content\/uploads\/2024\/06\/Intranet-notisia-1-960x720.png\" class=\"scale-with-grid wp-post-image\" alt=\"\" \/><\/div><div class=\"desc-wrapper\"><div class=\"desc\"><div class=\"post-meta clearfix\"><span class=\"author\"><span class=\"label\">Published by <\/span><i class=\"icon-user\"><\/i> <a href=\"https:\/\/www.adcnv.com\/en\/author\/tkoeimanadcnv-com\/\">Thalia Koeiman<\/a><\/span> <span class=\"date\"><span class=\"label\">on <\/span><i class=\"icon-clock\"><\/i> <span class=\"post-date\">June 14, 2024<\/span><\/span><\/div><div class=\"post-title\"><h4><a href=\"https:\/\/www.adcnv.com\/en\/adc-biosch-award-pa-kandidatonan-di-eksamen-ku-a-destaka-den-biologia-i-kimika\/\">ADC BIOSCH Award pa kandidatonan di eks\u00e1men ku a destak\u00e1 den Biologia i K\u00edmika<\/a><\/h4><\/div><\/div><\/div><\/li><li class=\"post-12628 post type-post status-publish format-standard has-post-thumbnail hentry category-news\"><div class=\"photo-wrapper scale-with-grid\"><img loading=\"lazy\" decoding=\"async\" width=\"960\" height=\"720\" src=\"https:\/\/www.adcnv.com\/wp-content\/uploads\/2024\/05\/DSCF2854-960x720.jpg\" class=\"scale-with-grid wp-post-image\" alt=\"\" \/><\/div><div class=\"desc-wrapper\"><div class=\"desc\"><div class=\"post-meta clearfix\"><span class=\"author\"><span class=\"label\">Published by <\/span><i class=\"icon-user\"><\/i> <a href=\"https:\/\/www.adcnv.com\/en\/author\/hheykoopadcnv-com\/\">hheykoop@adcnv.com<\/a><\/span> <span class=\"date\"><span class=\"label\">on <\/span><i class=\"icon-clock\"><\/i> <span class=\"post-date\">May 30, 2024<\/span><\/span><\/div><div class=\"post-title\"><h4><a href=\"https:\/\/www.adcnv.com\/en\/komunikado-adc-ta-selebra-yegada-di-e-punto-mas-haltu-di-su-edifisio-nobo-na-otrobanda\/\">Komunikado: ADC ta selebr\u00e1 yegada di e punto mas haltu di su edifisio nobo na Otrobanda<\/a><\/h4><\/div><\/div><\/div><\/li><\/ul><\/div>\n[\/vc_column_text][\/vc_column][\/vc_row][\/vc_section][vc_row full_width=&#8221;stretch_row_content_no_spaces&#8221; disable_element=&#8221;yes&#8221; el_class=&#8221;only_Expertisegebieden_dark over_Werken&#8221; css=&#8221;.vc_custom_1578902588289{margin-bottom: 0px !important;background-color: #f7f7f7 !important;}&#8221;][vc_column width=&#8221;2\/5&#8243; css=&#8221;.vc_custom_1571296451907{margin-bottom: 0px !important;padding-top: 0px !important;}&#8221;][vc_single_image image=&#8221;265&#8243; img_size=&#8221;large&#8221; css=&#8221;.vc_custom_1571296526463{margin-bottom: 0px !important;}&#8221; el_class=&#8221;mrg-btm0&#8243;][\/vc_column][vc_column width=&#8221;3\/5&#8243; el_class=&#8221;cst_gap&#8221;][vc_custom_heading text=&#8221;Werken bij ADC&#8221; font_container=&#8221;tag:h3|text_align:left&#8221; use_theme_fonts=&#8221;yes&#8221;][vc_separator color=&#8221;green&#8221; align=&#8221;align_left&#8221; border_width=&#8221;2&#8243; el_width=&#8221;10&#8243;][vc_column_text]Lorem ipsum dolor sit amet, consectetur adipiscing elit. Cras sit amet massa suscipit, varius lectus eu, cursus diam. Pellentesque at purus accumsan, laoreet lorem eget, bibendum enim. Aenean at tempus leo. Aliquam scelerisque hendrerit nisi, id finibus nunc accumsan sit amet. Aenean ultrices suscipit ultricies.<\/p>\n<p>Nulla risus ligula, gravida ut luctus nec, ultricies non nisl. Nunc et sapien tortor. Aenean at tempus leo. Aliquam scelerisque hendrerit nisi, id finibus nunc accumsan sit amet. Aenean ultrices suscipit ultricies. Nulla risus ligula, gravida ut luctus nec, ultricies non nisl. Nunc et sapien tortor.[\/vc_column_text][vc_btn title=&#8221;Lees meer&#8221; style=&#8221;classic&#8221; shape=&#8221;round&#8221; color=&#8221;white&#8221; el_class=&#8221;white-bg-btn&#8221;][\/vc_column][\/vc_row]<\/p>\n","protected":false},"excerpt":{"rendered":"<p>[vc_row full_width=&#8221;stretch_row&#8221; css=&#8221;.vc_custom_1571292662009{background-image: url(https:\/\/www.adcnv.com\/wp-content\/uploads\/2019\/10\/over-ons-hero-sub-min.png?id=488) !important;background-position: center !important;background-repeat: no-repeat !important;background-size: cover !important;}&#8221; el_class=&#8221;header-banner&#8221;][vc_column][vc_empty_space height=&#8221;100px&#8221; el_class=&#8221;extra_space&#8221; css=&#8221;.vc_custom_1586925946121{margin-bottom: 0px !important;}&#8221;][vc_row_inner el_class=&#8221;header-banner-inner&#8221;][vc_column_inner width=&#8221;1\/6&#8243;][\/vc_column_inner][vc_column_inner width=&#8221;2\/3&#8243;][vc_custom_heading text=&#8221;Accreditaties&#8221; font_container=&#8221;tag:h1|font_size:50px|text_align:center|color:%23ffffff|line_height:55px&#8221; use_theme_fonts=&#8221;yes&#8221; css=&#8221;.vc_custom_1581041651066{padding-bottom: 15px !important;}&#8221;][\/vc_column_inner][vc_column_inner<span class=\"excerpt-hellip\"> [\u2026]<\/span><\/p>\n","protected":false},"author":1,"featured_media":0,"parent":0,"menu_order":0,"comment_status":"closed","ping_status":"closed","template":"","meta":{"_lmt_disableupdate":"","_lmt_disable":"","footnotes":""},"class_list":["post-662","page","type-page","status-publish","hentry"],"acf":[],"yoast_head":"<!-- This site is optimized with the Yoast SEO plugin v20.13 - https:\/\/yoast.com\/wordpress\/plugins\/seo\/ -->\n<title>Accreditaties - ADC<\/title>\n<meta name=\"robots\" content=\"index, follow, max-snippet:-1, max-image-preview:large, max-video-preview:-1\" \/>\n<link rel=\"canonical\" href=\"https:\/\/www.adcnv.com\/akreditashon\/\" \/>\n<meta property=\"og:locale\" content=\"en_US\" \/>\n<meta property=\"og:type\" content=\"article\" \/>\n<meta property=\"og:title\" content=\"Accreditaties - ADC\" \/>\n<meta property=\"og:description\" content=\"[vc_row full_width=&#8221;stretch_row&#8221; css=&#8221;.vc_custom_1571292662009{background-image: url(https:\/\/www.adcnv.com\/wp-content\/uploads\/2019\/10\/over-ons-hero-sub-min.png?id=488) !important;background-position: center !important;background-repeat: no-repeat !important;background-size: cover !important;}&#8221; el_class=&#8221;header-banner&#8221;][vc_column][vc_empty_space height=&#8221;100px&#8221; el_class=&#8221;extra_space&#8221; css=&#8221;.vc_custom_1586925946121{margin-bottom: 0px !important;}&#8221;][vc_row_inner el_class=&#8221;header-banner-inner&#8221;][vc_column_inner width=&#8221;1\/6&#8243;][\/vc_column_inner][vc_column_inner width=&#8221;2\/3&#8243;][vc_custom_heading text=&#8221;Accreditaties&#8221; font_container=&#8221;tag:h1|font_size:50px|text_align:center|color:%23ffffff|line_height:55px&#8221; use_theme_fonts=&#8221;yes&#8221; css=&#8221;.vc_custom_1581041651066{padding-bottom: 15px !important;}&#8221;][\/vc_column_inner][vc_column_inner [\u2026]\" \/>\n<meta property=\"og:url\" content=\"https:\/\/www.adcnv.com\/akreditashon\/\" \/>\n<meta property=\"og:site_name\" content=\"ADC\" \/>\n<meta property=\"article:publisher\" content=\"https:\/\/www.facebook.com\/adcnv\/\" \/>\n<meta property=\"article:modified_time\" content=\"2023-11-08T14:57:28+00:00\" \/>\n<meta name=\"twitter:card\" content=\"summary_large_image\" \/>\n<meta name=\"twitter:label1\" content=\"Est. reading time\" \/>\n\t<meta name=\"twitter:data1\" content=\"6 minutes\" \/>\n<script type=\"application\/ld+json\" class=\"yoast-schema-graph\">{\"@context\":\"https:\/\/schema.org\",\"@graph\":[{\"@type\":\"WebPage\",\"@id\":\"https:\/\/www.adcnv.com\/akreditashon\/\",\"url\":\"https:\/\/www.adcnv.com\/akreditashon\/\",\"name\":\"Accreditaties - ADC\",\"isPartOf\":{\"@id\":\"https:\/\/www.adcnv.com\/#website\"},\"datePublished\":\"2019-10-18T07:29:34+00:00\",\"dateModified\":\"2023-11-08T14:57:28+00:00\",\"breadcrumb\":{\"@id\":\"https:\/\/www.adcnv.com\/akreditashon\/#breadcrumb\"},\"inLanguage\":\"en-US\",\"potentialAction\":[{\"@type\":\"ReadAction\",\"target\":[\"https:\/\/www.adcnv.com\/akreditashon\/\"]}]},{\"@type\":\"BreadcrumbList\",\"@id\":\"https:\/\/www.adcnv.com\/akreditashon\/#breadcrumb\",\"itemListElement\":[{\"@type\":\"ListItem\",\"position\":1,\"name\":\"Home\",\"item\":\"https:\/\/www.adcnv.com\/en\/\"},{\"@type\":\"ListItem\",\"position\":2,\"name\":\"Accreditaties\"}]},{\"@type\":\"WebSite\",\"@id\":\"https:\/\/www.adcnv.com\/#website\",\"url\":\"https:\/\/www.adcnv.com\/\",\"name\":\"ADC\",\"description\":\"\",\"publisher\":{\"@id\":\"https:\/\/www.adcnv.com\/#organization\"},\"potentialAction\":[{\"@type\":\"SearchAction\",\"target\":{\"@type\":\"EntryPoint\",\"urlTemplate\":\"https:\/\/www.adcnv.com\/?s={search_term_string}\"},\"query-input\":\"required name=search_term_string\"}],\"inLanguage\":\"en-US\"},{\"@type\":\"Organization\",\"@id\":\"https:\/\/www.adcnv.com\/#organization\",\"name\":\"ADC\",\"url\":\"https:\/\/www.adcnv.com\/\",\"logo\":{\"@type\":\"ImageObject\",\"inLanguage\":\"en-US\",\"@id\":\"https:\/\/www.adcnv.com\/#\/schema\/logo\/image\/\",\"url\":\"https:\/\/www.adcnv.com\/wp-content\/uploads\/2019\/11\/ADC-Logo.png\",\"contentUrl\":\"https:\/\/www.adcnv.com\/wp-content\/uploads\/2019\/11\/ADC-Logo.png\",\"width\":495,\"height\":185,\"caption\":\"ADC\"},\"image\":{\"@id\":\"https:\/\/www.adcnv.com\/#\/schema\/logo\/image\/\"},\"sameAs\":[\"https:\/\/www.facebook.com\/adcnv\/\"]}]}<\/script>\n<!-- \/ Yoast SEO plugin. -->","yoast_head_json":{"title":"Accreditaties - ADC","robots":{"index":"index","follow":"follow","max-snippet":"max-snippet:-1","max-image-preview":"max-image-preview:large","max-video-preview":"max-video-preview:-1"},"canonical":"https:\/\/www.adcnv.com\/akreditashon\/","og_locale":"en_US","og_type":"article","og_title":"Accreditaties - ADC","og_description":"[vc_row full_width=&#8221;stretch_row&#8221; css=&#8221;.vc_custom_1571292662009{background-image: url(https:\/\/www.adcnv.com\/wp-content\/uploads\/2019\/10\/over-ons-hero-sub-min.png?id=488) !important;background-position: center !important;background-repeat: no-repeat !important;background-size: cover !important;}&#8221; el_class=&#8221;header-banner&#8221;][vc_column][vc_empty_space height=&#8221;100px&#8221; el_class=&#8221;extra_space&#8221; css=&#8221;.vc_custom_1586925946121{margin-bottom: 0px !important;}&#8221;][vc_row_inner el_class=&#8221;header-banner-inner&#8221;][vc_column_inner width=&#8221;1\/6&#8243;][\/vc_column_inner][vc_column_inner width=&#8221;2\/3&#8243;][vc_custom_heading text=&#8221;Accreditaties&#8221; font_container=&#8221;tag:h1|font_size:50px|text_align:center|color:%23ffffff|line_height:55px&#8221; use_theme_fonts=&#8221;yes&#8221; css=&#8221;.vc_custom_1581041651066{padding-bottom: 15px !important;}&#8221;][\/vc_column_inner][vc_column_inner [\u2026]","og_url":"https:\/\/www.adcnv.com\/akreditashon\/","og_site_name":"ADC","article_publisher":"https:\/\/www.facebook.com\/adcnv\/","article_modified_time":"2023-11-08T14:57:28+00:00","twitter_card":"summary_large_image","twitter_misc":{"Est. reading time":"6 minutes"},"schema":{"@context":"https:\/\/schema.org","@graph":[{"@type":"WebPage","@id":"https:\/\/www.adcnv.com\/akreditashon\/","url":"https:\/\/www.adcnv.com\/akreditashon\/","name":"Accreditaties - ADC","isPartOf":{"@id":"https:\/\/www.adcnv.com\/#website"},"datePublished":"2019-10-18T07:29:34+00:00","dateModified":"2023-11-08T14:57:28+00:00","breadcrumb":{"@id":"https:\/\/www.adcnv.com\/akreditashon\/#breadcrumb"},"inLanguage":"en-US","potentialAction":[{"@type":"ReadAction","target":["https:\/\/www.adcnv.com\/akreditashon\/"]}]},{"@type":"BreadcrumbList","@id":"https:\/\/www.adcnv.com\/akreditashon\/#breadcrumb","itemListElement":[{"@type":"ListItem","position":1,"name":"Home","item":"https:\/\/www.adcnv.com\/en\/"},{"@type":"ListItem","position":2,"name":"Accreditaties"}]},{"@type":"WebSite","@id":"https:\/\/www.adcnv.com\/#website","url":"https:\/\/www.adcnv.com\/","name":"ADC","description":"","publisher":{"@id":"https:\/\/www.adcnv.com\/#organization"},"potentialAction":[{"@type":"SearchAction","target":{"@type":"EntryPoint","urlTemplate":"https:\/\/www.adcnv.com\/?s={search_term_string}"},"query-input":"required name=search_term_string"}],"inLanguage":"en-US"},{"@type":"Organization","@id":"https:\/\/www.adcnv.com\/#organization","name":"ADC","url":"https:\/\/www.adcnv.com\/","logo":{"@type":"ImageObject","inLanguage":"en-US","@id":"https:\/\/www.adcnv.com\/#\/schema\/logo\/image\/","url":"https:\/\/www.adcnv.com\/wp-content\/uploads\/2019\/11\/ADC-Logo.png","contentUrl":"https:\/\/www.adcnv.com\/wp-content\/uploads\/2019\/11\/ADC-Logo.png","width":495,"height":185,"caption":"ADC"},"image":{"@id":"https:\/\/www.adcnv.com\/#\/schema\/logo\/image\/"},"sameAs":["https:\/\/www.facebook.com\/adcnv\/"]}]}},"jetpack_sharing_enabled":true,"_links":{"self":[{"href":"https:\/\/www.adcnv.com\/en\/wp-json\/wp\/v2\/pages\/662","targetHints":{"allow":["GET"]}}],"collection":[{"href":"https:\/\/www.adcnv.com\/en\/wp-json\/wp\/v2\/pages"}],"about":[{"href":"https:\/\/www.adcnv.com\/en\/wp-json\/wp\/v2\/types\/page"}],"author":[{"embeddable":true,"href":"https:\/\/www.adcnv.com\/en\/wp-json\/wp\/v2\/users\/1"}],"replies":[{"embeddable":true,"href":"https:\/\/www.adcnv.com\/en\/wp-json\/wp\/v2\/comments?post=662"}],"version-history":[{"count":25,"href":"https:\/\/www.adcnv.com\/en\/wp-json\/wp\/v2\/pages\/662\/revisions"}],"predecessor-version":[{"id":8038,"href":"https:\/\/www.adcnv.com\/en\/wp-json\/wp\/v2\/pages\/662\/revisions\/8038"}],"wp:attachment":[{"href":"https:\/\/www.adcnv.com\/en\/wp-json\/wp\/v2\/media?parent=662"}],"curies":[{"name":"wp","href":"https:\/\/api.w.org\/{rel}","templated":true}]}}