{"id":584,"date":"2019-10-18T04:31:18","date_gmt":"2019-10-18T04:31:18","guid":{"rendered":"https:\/\/www.adcnv.com\/?page_id=584"},"modified":"2020-03-23T19:36:14","modified_gmt":"2020-03-23T19:36:14","slug":"patienten","status":"publish","type":"page","link":"https:\/\/www.adcnv.com\/en\/patienten\/","title":{"rendered":"Pati\u00ebnten"},"content":{"rendered":"<p>[vc_row full_width=&#8221;stretch_row&#8221; css=&#8221;.vc_custom_1579905018515{background-image: url(https:\/\/www.adcnv.com\/wp-content\/uploads\/2020\/01\/shutterstock_317585663-scaled.jpg?id=3457) !important;background-position: center !important;background-repeat: no-repeat !important;background-size: cover !important;}&#8221; el_class=&#8221;header-banner&#8221;][vc_column][vc_empty_space height=&#8221;70px&#8221; el_class=&#8221;extra_space&#8221; css=&#8221;.vc_custom_1571370858164{margin-bottom: 0px !important;}&#8221;][vc_row_inner el_class=&#8221;header-banner-inner&#8221;][vc_column_inner width=&#8221;1\/6&#8243;][\/vc_column_inner][vc_column_inner width=&#8221;2\/3&#8243;][vc_custom_heading text=&#8221;Pati\u00ebnten&#8221; font_container=&#8221;tag:h1|font_size:50px|text_align:center|color:%23ffffff|line_height:55px&#8221; use_theme_fonts=&#8221;yes&#8221; css=&#8221;.vc_custom_1578762912149{padding-bottom: 15px !important;}&#8221;][vc_custom_heading text=&#8221;H\u00e9t laboratorium voor toegankelijke zorg&#8221; font_container=&#8221;tag:p|font_size:16px|text_align:center|color:%23ffffff|line_height:30px&#8221; use_theme_fonts=&#8221;yes&#8221; el_class=&#8221;banner_para&#8221;][\/vc_column_inner][vc_column_inner width=&#8221;1\/6&#8243;][\/vc_column_inner][\/vc_row_inner][vc_empty_space height=&#8221;50px&#8221; el_class=&#8221;extra_space&#8221; css=&#8221;.vc_custom_1571370865957{margin-bottom: 0px !important;}&#8221;][\/vc_column][\/vc_row][vc_section el_class=&#8221;Expertisegebieden_white&#8221; css=&#8221;.vc_custom_1571288559318{padding-top: 75px !important;}&#8221;][vc_row el_class=&#8221;exp_inn_2 c_sidebar&#8221;][vc_column width=&#8221;1\/3&#8243; el_class=&#8221;exp_inn_1&#8243;][vc_widget_sidebar sidebar_id=&#8221;sidebar-sidebar-patienten&#8221;][\/vc_column][vc_column width=&#8221;2\/3&#8243; el_class=&#8221;exp_inn_2_2&#8243; css=&#8221;.vc_custom_1571373706936{background-color: #fcfcfc !important;}&#8221;][vc_custom_heading text=&#8221;Zorg binnen handbereik&#8221; font_container=&#8221;tag:h3|font_size:40px|text_align:left|line_height:44px&#8221; use_theme_fonts=&#8221;yes&#8221;][vc_separator color=&#8221;green&#8221; align=&#8221;align_left&#8221; border_width=&#8221;2&#8243; el_width=&#8221;10&#8243;][vc_column_text]Het ADC is er voor alle testen die door de huisarts of specialist worden aangevraagd. Het doel is dat de medicus op een snelle manier een betrouwbaar beeld krijgt van de gezondheid van de pati\u00ebnt.<\/p>\n<p>Het materiaal voor die testen, zoals urine bijvoorbeeld, kan bij \u00e9\u00e9n van de twaalf &#8211; binnenkort dertien -priklocaties of in Bo B\u00f9s di Sal\u00fa worden ingeleverd. Materiaal kan gewoon thuis worden verzameld en worden ingeleverd. Alles kan ook op \u00e9\u00e9n van de priklocaties of bij de B\u00f9s di Sal\u00fa worden gedaan.[\/vc_column_text][vc_column_text css=&#8221;.vc_custom_1584896889155{border-left-width: 3px !important;padding-left: 15px !important;background-color: #f7f7f7 !important;border-left-color: #3ab549 !important;border-left-style: solid !important;}&#8221; el_class=&#8221;bquote&#8221;]<\/p>\n<p class=\"big\"><em>Het ADC heeft 12 priklocaties &#8211; binnenkort 13 &#8211; verspreid over het eiland. Iedereen is daar of bij de <a href=\"https:\/\/www.adcnv.com\/patienten\/bo-bus-di-salu\/\">B\u00f9s di Sal\u00fa<\/a> welkom om bloed te laten prikken, testmateriaal af te geven of controle en advies te krijgen van de Trombosedienst.<\/em><\/p>\n<p>[\/vc_column_text][vc_column_text]<\/p>\n<p class=\"para_content\">Bij het ADC kan je terecht voor onder meer:<\/p>\n<ul class=\"trombo_ul\">\n<li>Bloed laten prikken<\/li>\n<li><a href=\"https:\/\/www.adcnv.com\/patienten\/thuis-prikken\/\">Thuis bloed laten prikken<\/a><\/li>\n<li><a href=\"https:\/\/www.adcnv.com\/patienten\/bo-bus-di-salu\/\">De B\u00f9s di Sal\u00fa<\/a><\/li>\n<li><a href=\"https:\/\/www.adcnv.com\/patienten\/tromobosedienst\/\">De Trombosedienst<\/a><\/li>\n<li>Zelfstandig testen aanvragen<\/li>\n<\/ul>\n<p>[\/vc_column_text][vc_empty_space height=&#8221;12px&#8221;][vc_separator color=&#8221;green&#8221; align=&#8221;align_left&#8221; border_width=&#8221;2&#8243; el_width=&#8221;20&#8243;][vc_column_text][\/vc_column_text][vc_empty_space height=&#8221;30px&#8221; css=&#8221;.vc_custom_1571296637146{margin-bottom: 0px !important;}&#8221;][vc_row_inner][vc_column_inner width=&#8221;1\/2&#8243;][vc_custom_heading text=&#8221;Zelf testen aanvragen&#8221; font_container=&#8221;tag:h3|text_align:left&#8221; use_theme_fonts=&#8221;yes&#8221;][vc_separator color=&#8221;green&#8221; align=&#8221;align_left&#8221; border_width=&#8221;2&#8243; el_width=&#8221;20&#8243; css=&#8221;.vc_custom_1571296955991{margin-bottom: 22px !important;}&#8221;][vc_column_text]Iedereen kan zelf testen aanvragen bij het ADC, zonder tussenkomst van een huisarts, specialist of vroedvrouw. Zelf aangevraagde testen worden niet vergoed door de verzekeraars maar komen voor eigen rekening. Meer weten over zelf een test aanvragen? Neem <a href=\"https:\/\/www.adcnv.com\/contact\/\">hier<\/a> contact op met het ADC.[\/vc_column_text][\/vc_column_inner][vc_column_inner width=&#8221;1\/2&#8243;][vc_single_image image=&#8221;3438&#8243; img_size=&#8221;large&#8221; el_class=&#8221;img-shadow&#8221;][\/vc_column_inner][\/vc_row_inner][\/vc_column][\/vc_row][\/vc_section][vc_row full_width=&#8221;stretch_row_content_no_spaces&#8221; disable_element=&#8221;yes&#8221; el_class=&#8221;only_Expertisegebieden_dark over_Werken&#8221; css=&#8221;.vc_custom_1571911686367{margin-bottom: 0px !important;background-color: #f7f7f7 !important;}&#8221;][vc_column width=&#8221;2\/5&#8243; css=&#8221;.vc_custom_1571296451907{margin-bottom: 0px !important;padding-top: 0px !important;}&#8221;][vc_single_image image=&#8221;265&#8243; img_size=&#8221;large&#8221; css=&#8221;.vc_custom_1571377650462{margin-bottom: 0px !important;}&#8221; el_class=&#8221;mrg-btm0&#8243;][\/vc_column][vc_column width=&#8221;3\/5&#8243; el_class=&#8221;cst_gap&#8221;][vc_custom_heading text=&#8221;Uitslagen digitaal aanvragen&#8221; font_container=&#8221;tag:h3|text_align:left&#8221; use_theme_fonts=&#8221;yes&#8221;][vc_separator color=&#8221;green&#8221; align=&#8221;align_left&#8221; border_width=&#8221;2&#8243; el_width=&#8221;10&#8243;][vc_column_text]<\/p>\n<div id=\"Content\">\n<div class=\"content_wrapper clearfix\">\n<div class=\"sections_group\">\n<div class=\"entry-content\">\n<div class=\"section the_content has_content\">\n<div class=\"section_wrapper\">\n<div class=\"the_content_wrapper\">\n<div class=\"vc_row wpb_row vc_row-fluid only_Expertisegebieden_dark over_Werken vc_custom_1571378452971 vc_row-has-fill vc_row-no-padding\" data-vc-full-width=\"true\" data-vc-full-width-init=\"true\" data-vc-stretch-content=\"true\">\n<div class=\"cst_gap wpb_column vc_column_container vc_col-sm-3\/5\">\n<div class=\"vc_column-inner\">\n<div class=\"wpb_wrapper\">\n<div class=\"wpb_text_column wpb_content_element \">\n<div class=\"wpb_wrapper\">\n<p>Bij het ADC is het mogelijk om je testresultaten digitaal in te zien. Het enige wat hiervoor hoeft te gebeuren is aanmelden bij een van de locaties van het ADC. Bij het inleveren van materiaal of bloedafname, kan je aangeven dat je testresultaten digitaal wenst op te vragen. Onze medewerker zal hiertoe een registratieprocedure doorlopen en inloggegevens toesturen via e-mail. Hiermee kan je veilig en zelfstandig inzicht krijgen in je testresultaten.<\/p>\n<\/div>\n<\/div>\n<div class=\"vc_btn3-container white-bg-btn vc_btn3-inline\"><\/div>\n<\/div>\n<\/div>\n<\/div>\n<\/div>\n<div class=\"vc_row-full-width vc_clearfix\"><\/div>\n<\/div>\n<\/div>\n<\/div>\n<div class=\"section section-page-footer\">\n<div class=\"section_wrapper clearfix\">\n<div class=\"column one page-pager\"><\/div>\n<\/div>\n<\/div>\n<\/div>\n<\/div>\n<\/div>\n<\/div>\n<footer id=\"Footer\" class=\"clearfix\">\n<div class=\"widgets_wrapper\">\n<div class=\"container\">\n<div class=\"column one-fourth\"><\/div>\n<\/div>\n<\/div>\n<\/footer>\n<p>[\/vc_column_text][vc_btn title=&#8221;Log in&#8221; style=&#8221;classic&#8221; shape=&#8221;round&#8221; color=&#8221;white&#8221; el_class=&#8221;white-bg-btn&#8221;][\/vc_column][\/vc_row]<\/p>\n","protected":false},"excerpt":{"rendered":"<p>[vc_row full_width=&#8221;stretch_row&#8221; css=&#8221;.vc_custom_1579905018515{background-image: url(https:\/\/www.adcnv.com\/wp-content\/uploads\/2020\/01\/shutterstock_317585663-scaled.jpg?id=3457) !important;background-position: center !important;background-repeat: no-repeat !important;background-size: cover !important;}&#8221; el_class=&#8221;header-banner&#8221;][vc_column][vc_empty_space height=&#8221;70px&#8221; el_class=&#8221;extra_space&#8221; css=&#8221;.vc_custom_1571370858164{margin-bottom: 0px !important;}&#8221;][vc_row_inner el_class=&#8221;header-banner-inner&#8221;][vc_column_inner width=&#8221;1\/6&#8243;][\/vc_column_inner][vc_column_inner width=&#8221;2\/3&#8243;][vc_custom_heading text=&#8221;Pati\u00ebnten&#8221; font_container=&#8221;tag:h1|font_size:50px|text_align:center|color:%23ffffff|line_height:55px&#8221; use_theme_fonts=&#8221;yes&#8221; css=&#8221;.vc_custom_1578762912149{padding-bottom: 15px !important;}&#8221;][vc_custom_heading<span class=\"excerpt-hellip\"> [\u2026]<\/span><\/p>\n","protected":false},"author":1,"featured_media":0,"parent":0,"menu_order":0,"comment_status":"closed","ping_status":"closed","template":"","meta":{"_lmt_disableupdate":"","_lmt_disable":"","footnotes":""},"class_list":["post-584","page","type-page","status-publish","hentry"],"acf":[],"yoast_head":"<!-- This site is optimized with the Yoast SEO plugin v20.13 - https:\/\/yoast.com\/wordpress\/plugins\/seo\/ -->\n<title>Pati\u00ebnten - ADC<\/title>\n<meta name=\"robots\" content=\"index, follow, max-snippet:-1, max-image-preview:large, max-video-preview:-1\" \/>\n<link rel=\"canonical\" href=\"https:\/\/www.adcnv.com\/en\/patienten\/\" \/>\n<meta property=\"og:locale\" content=\"en_US\" \/>\n<meta property=\"og:type\" content=\"article\" \/>\n<meta property=\"og:title\" content=\"Pati\u00ebnten - ADC\" \/>\n<meta property=\"og:description\" content=\"[vc_row full_width=&#8221;stretch_row&#8221; css=&#8221;.vc_custom_1579905018515{background-image: url(https:\/\/www.adcnv.com\/wp-content\/uploads\/2020\/01\/shutterstock_317585663-scaled.jpg?id=3457) !important;background-position: center !important;background-repeat: no-repeat !important;background-size: cover !important;}&#8221; el_class=&#8221;header-banner&#8221;][vc_column][vc_empty_space height=&#8221;70px&#8221; el_class=&#8221;extra_space&#8221; css=&#8221;.vc_custom_1571370858164{margin-bottom: 0px !important;}&#8221;][vc_row_inner el_class=&#8221;header-banner-inner&#8221;][vc_column_inner width=&#8221;1\/6&#8243;][\/vc_column_inner][vc_column_inner width=&#8221;2\/3&#8243;][vc_custom_heading text=&#8221;Pati\u00ebnten&#8221; font_container=&#8221;tag:h1|font_size:50px|text_align:center|color:%23ffffff|line_height:55px&#8221; use_theme_fonts=&#8221;yes&#8221; css=&#8221;.vc_custom_1578762912149{padding-bottom: 15px !important;}&#8221;][vc_custom_heading [\u2026]\" \/>\n<meta property=\"og:url\" content=\"https:\/\/www.adcnv.com\/en\/patienten\/\" \/>\n<meta property=\"og:site_name\" content=\"ADC\" \/>\n<meta property=\"article:publisher\" content=\"https:\/\/www.facebook.com\/adcnv\/\" \/>\n<meta property=\"article:modified_time\" content=\"2020-03-23T19:36:14+00:00\" \/>\n<meta name=\"twitter:card\" content=\"summary_large_image\" \/>\n<meta name=\"twitter:label1\" content=\"Est. reading time\" \/>\n\t<meta name=\"twitter:data1\" content=\"4 minutes\" \/>\n<script type=\"application\/ld+json\" class=\"yoast-schema-graph\">{\"@context\":\"https:\/\/schema.org\",\"@graph\":[{\"@type\":\"WebPage\",\"@id\":\"https:\/\/www.adcnv.com\/en\/patienten\/\",\"url\":\"https:\/\/www.adcnv.com\/en\/patienten\/\",\"name\":\"Pati\u00ebnten - ADC\",\"isPartOf\":{\"@id\":\"https:\/\/www.adcnv.com\/#website\"},\"datePublished\":\"2019-10-18T04:31:18+00:00\",\"dateModified\":\"2020-03-23T19:36:14+00:00\",\"breadcrumb\":{\"@id\":\"https:\/\/www.adcnv.com\/en\/patienten\/#breadcrumb\"},\"inLanguage\":\"en-US\",\"potentialAction\":[{\"@type\":\"ReadAction\",\"target\":[\"https:\/\/www.adcnv.com\/en\/patienten\/\"]}]},{\"@type\":\"BreadcrumbList\",\"@id\":\"https:\/\/www.adcnv.com\/en\/patienten\/#breadcrumb\",\"itemListElement\":[{\"@type\":\"ListItem\",\"position\":1,\"name\":\"Home\",\"item\":\"https:\/\/www.adcnv.com\/en\/\"},{\"@type\":\"ListItem\",\"position\":2,\"name\":\"Pati\u00ebnten\"}]},{\"@type\":\"WebSite\",\"@id\":\"https:\/\/www.adcnv.com\/#website\",\"url\":\"https:\/\/www.adcnv.com\/\",\"name\":\"ADC\",\"description\":\"\",\"publisher\":{\"@id\":\"https:\/\/www.adcnv.com\/#organization\"},\"potentialAction\":[{\"@type\":\"SearchAction\",\"target\":{\"@type\":\"EntryPoint\",\"urlTemplate\":\"https:\/\/www.adcnv.com\/?s={search_term_string}\"},\"query-input\":\"required name=search_term_string\"}],\"inLanguage\":\"en-US\"},{\"@type\":\"Organization\",\"@id\":\"https:\/\/www.adcnv.com\/#organization\",\"name\":\"ADC\",\"url\":\"https:\/\/www.adcnv.com\/\",\"logo\":{\"@type\":\"ImageObject\",\"inLanguage\":\"en-US\",\"@id\":\"https:\/\/www.adcnv.com\/#\/schema\/logo\/image\/\",\"url\":\"https:\/\/www.adcnv.com\/wp-content\/uploads\/2019\/11\/ADC-Logo.png\",\"contentUrl\":\"https:\/\/www.adcnv.com\/wp-content\/uploads\/2019\/11\/ADC-Logo.png\",\"width\":495,\"height\":185,\"caption\":\"ADC\"},\"image\":{\"@id\":\"https:\/\/www.adcnv.com\/#\/schema\/logo\/image\/\"},\"sameAs\":[\"https:\/\/www.facebook.com\/adcnv\/\"]}]}<\/script>\n<!-- \/ Yoast SEO plugin. -->","yoast_head_json":{"title":"Pati\u00ebnten - ADC","robots":{"index":"index","follow":"follow","max-snippet":"max-snippet:-1","max-image-preview":"max-image-preview:large","max-video-preview":"max-video-preview:-1"},"canonical":"https:\/\/www.adcnv.com\/en\/patienten\/","og_locale":"en_US","og_type":"article","og_title":"Pati\u00ebnten - ADC","og_description":"[vc_row full_width=&#8221;stretch_row&#8221; css=&#8221;.vc_custom_1579905018515{background-image: url(https:\/\/www.adcnv.com\/wp-content\/uploads\/2020\/01\/shutterstock_317585663-scaled.jpg?id=3457) !important;background-position: center !important;background-repeat: no-repeat !important;background-size: cover !important;}&#8221; el_class=&#8221;header-banner&#8221;][vc_column][vc_empty_space height=&#8221;70px&#8221; el_class=&#8221;extra_space&#8221; css=&#8221;.vc_custom_1571370858164{margin-bottom: 0px !important;}&#8221;][vc_row_inner el_class=&#8221;header-banner-inner&#8221;][vc_column_inner width=&#8221;1\/6&#8243;][\/vc_column_inner][vc_column_inner width=&#8221;2\/3&#8243;][vc_custom_heading text=&#8221;Pati\u00ebnten&#8221; font_container=&#8221;tag:h1|font_size:50px|text_align:center|color:%23ffffff|line_height:55px&#8221; use_theme_fonts=&#8221;yes&#8221; css=&#8221;.vc_custom_1578762912149{padding-bottom: 15px !important;}&#8221;][vc_custom_heading [\u2026]","og_url":"https:\/\/www.adcnv.com\/en\/patienten\/","og_site_name":"ADC","article_publisher":"https:\/\/www.facebook.com\/adcnv\/","article_modified_time":"2020-03-23T19:36:14+00:00","twitter_card":"summary_large_image","twitter_misc":{"Est. reading time":"4 minutes"},"schema":{"@context":"https:\/\/schema.org","@graph":[{"@type":"WebPage","@id":"https:\/\/www.adcnv.com\/en\/patienten\/","url":"https:\/\/www.adcnv.com\/en\/patienten\/","name":"Pati\u00ebnten - ADC","isPartOf":{"@id":"https:\/\/www.adcnv.com\/#website"},"datePublished":"2019-10-18T04:31:18+00:00","dateModified":"2020-03-23T19:36:14+00:00","breadcrumb":{"@id":"https:\/\/www.adcnv.com\/en\/patienten\/#breadcrumb"},"inLanguage":"en-US","potentialAction":[{"@type":"ReadAction","target":["https:\/\/www.adcnv.com\/en\/patienten\/"]}]},{"@type":"BreadcrumbList","@id":"https:\/\/www.adcnv.com\/en\/patienten\/#breadcrumb","itemListElement":[{"@type":"ListItem","position":1,"name":"Home","item":"https:\/\/www.adcnv.com\/en\/"},{"@type":"ListItem","position":2,"name":"Pati\u00ebnten"}]},{"@type":"WebSite","@id":"https:\/\/www.adcnv.com\/#website","url":"https:\/\/www.adcnv.com\/","name":"ADC","description":"","publisher":{"@id":"https:\/\/www.adcnv.com\/#organization"},"potentialAction":[{"@type":"SearchAction","target":{"@type":"EntryPoint","urlTemplate":"https:\/\/www.adcnv.com\/?s={search_term_string}"},"query-input":"required name=search_term_string"}],"inLanguage":"en-US"},{"@type":"Organization","@id":"https:\/\/www.adcnv.com\/#organization","name":"ADC","url":"https:\/\/www.adcnv.com\/","logo":{"@type":"ImageObject","inLanguage":"en-US","@id":"https:\/\/www.adcnv.com\/#\/schema\/logo\/image\/","url":"https:\/\/www.adcnv.com\/wp-content\/uploads\/2019\/11\/ADC-Logo.png","contentUrl":"https:\/\/www.adcnv.com\/wp-content\/uploads\/2019\/11\/ADC-Logo.png","width":495,"height":185,"caption":"ADC"},"image":{"@id":"https:\/\/www.adcnv.com\/#\/schema\/logo\/image\/"},"sameAs":["https:\/\/www.facebook.com\/adcnv\/"]}]}},"jetpack_sharing_enabled":true,"_links":{"self":[{"href":"https:\/\/www.adcnv.com\/en\/wp-json\/wp\/v2\/pages\/584","targetHints":{"allow":["GET"]}}],"collection":[{"href":"https:\/\/www.adcnv.com\/en\/wp-json\/wp\/v2\/pages"}],"about":[{"href":"https:\/\/www.adcnv.com\/en\/wp-json\/wp\/v2\/types\/page"}],"author":[{"embeddable":true,"href":"https:\/\/www.adcnv.com\/en\/wp-json\/wp\/v2\/users\/1"}],"replies":[{"embeddable":true,"href":"https:\/\/www.adcnv.com\/en\/wp-json\/wp\/v2\/comments?post=584"}],"version-history":[{"count":25,"href":"https:\/\/www.adcnv.com\/en\/wp-json\/wp\/v2\/pages\/584\/revisions"}],"predecessor-version":[{"id":4116,"href":"https:\/\/www.adcnv.com\/en\/wp-json\/wp\/v2\/pages\/584\/revisions\/4116"}],"wp:attachment":[{"href":"https:\/\/www.adcnv.com\/en\/wp-json\/wp\/v2\/media?parent=584"}],"curies":[{"name":"wp","href":"https:\/\/api.w.org\/{rel}","templated":true}]}}